{"id":100,"date":"2022-03-29T10:25:17","date_gmt":"2022-03-29T13:25:17","guid":{"rendered":"https:\/\/cflca.com.br\/2022\/?page_id=100"},"modified":"2022-04-10T10:23:40","modified_gmt":"2022-04-10T13:23:40","slug":"planejamento-universitario","status":"publish","type":"page","link":"https:\/\/cflca.com.br\/2022\/planejamento-universitario\/","title":{"rendered":"Planejamento Universit\u00e1rio:"},"content":{"rendered":"\n<p>Planejamento Universit\u00e1rio<br>S<strong>\u00e3o estrat\u00e9gias que ajudam a garantir que nossos filhos, ou n\u00f3s mesmos, concluamos uma forma\u00e7\u00e3o acad\u00eamica, sem ser sobrecarregado com empr\u00e9stimos estudantis excessivos<\/strong>. Maximize o crescimento do de fundo universit\u00e1rio familiar, ao mesmo tempo em que o protege contra perdas e impostos.<\/p>\n","protected":false},"excerpt":{"rendered":"<p>Planejamento Universit\u00e1rioS\u00e3o estrat\u00e9gias que ajudam a garantir que nossos filhos, ou n\u00f3s mesmos, concluamos uma forma\u00e7\u00e3o acad\u00eamica, sem ser sobrecarregado com empr\u00e9stimos estudantis excessivos. Maximize o crescimento do de fundo universit\u00e1rio familiar, ao mesmo tempo em que o protege contra perdas e impostos.<\/p>\n","protected":false},"author":1,"featured_media":295,"parent":0,"menu_order":0,"comment_status":"closed","ping_status":"closed","template":"","meta":{"footnotes":""},"class_list":["post-100","page","type-page","status-publish","has-post-thumbnail","hentry"],"_links":{"self":[{"href":"https:\/\/cflca.com.br\/2022\/wp-json\/wp\/v2\/pages\/100","targetHints":{"allow":["GET"]}}],"collection":[{"href":"https:\/\/cflca.com.br\/2022\/wp-json\/wp\/v2\/pages"}],"about":[{"href":"https:\/\/cflca.com.br\/2022\/wp-json\/wp\/v2\/types\/page"}],"author":[{"embeddable":true,"href":"https:\/\/cflca.com.br\/2022\/wp-json\/wp\/v2\/users\/1"}],"replies":[{"embeddable":true,"href":"https:\/\/cflca.com.br\/2022\/wp-json\/wp\/v2\/comments?post=100"}],"version-history":[{"count":2,"href":"https:\/\/cflca.com.br\/2022\/wp-json\/wp\/v2\/pages\/100\/revisions"}],"predecessor-version":[{"id":256,"href":"https:\/\/cflca.com.br\/2022\/wp-json\/wp\/v2\/pages\/100\/revisions\/256"}],"wp:featuredmedia":[{"embeddable":true,"href":"https:\/\/cflca.com.br\/2022\/wp-json\/wp\/v2\/media\/295"}],"wp:attachment":[{"href":"https:\/\/cflca.com.br\/2022\/wp-json\/wp\/v2\/media?parent=100"}],"curies":[{"name":"wp","href":"https:\/\/api.w.org\/{rel}","templated":true}]}}