{"id":101,"date":"2022-03-29T10:25:17","date_gmt":"2022-03-29T13:25:17","guid":{"rendered":"https:\/\/cflca.com.br\/2022\/?page_id=101"},"modified":"2022-04-10T10:27:03","modified_gmt":"2022-04-10T13:27:03","slug":"protecao-corporativa","status":"publish","type":"page","link":"https:\/\/cflca.com.br\/2022\/protecao-corporativa\/","title":{"rendered":"Prote\u00e7\u00e3o Corporativa"},"content":{"rendered":"\n<p><strong>Prote\u00e7\u00e3o Corporativa<\/strong><br>Tamb\u00e9m conhecido como<strong> Acordo de Compra e Venda<\/strong>, esse acordo determina todas as condi\u00e7\u00f5es necess\u00e1rias para se garantir a continuidade dos neg\u00f3cios da empresa. Ao mesmo tempo, protege os interesses da fam\u00edlia e herdeiros de cada um dos s\u00f3cios. O acordo de compra e venda \u00e9 um contrato pr\u00e9-estabelecido entre os s\u00f3cios de uma empresa. Neste acordo as cl\u00e1usulas de compra e venda da empresa, ficam pr\u00e9-acertadas entre as partes. <strong>Essa prote\u00e7\u00e3o, garante a sobreviv\u00eancia e mercabilidade da empresa.<\/strong><\/p>\n","protected":false},"excerpt":{"rendered":"<p>Prote\u00e7\u00e3o CorporativaTamb\u00e9m conhecido como Acordo de Compra e Venda, esse acordo determina todas as condi\u00e7\u00f5es necess\u00e1rias para se garantir a continuidade dos neg\u00f3cios da empresa. Ao mesmo tempo, protege os interesses da fam\u00edlia e herdeiros de cada um dos s\u00f3cios. O acordo de compra e venda \u00e9 um contrato pr\u00e9-estabelecido [&hellip;]<\/p>\n","protected":false},"author":1,"featured_media":297,"parent":0,"menu_order":0,"comment_status":"closed","ping_status":"closed","template":"","meta":{"footnotes":""},"class_list":["post-101","page","type-page","status-publish","has-post-thumbnail","hentry"],"_links":{"self":[{"href":"https:\/\/cflca.com.br\/2022\/wp-json\/wp\/v2\/pages\/101","targetHints":{"allow":["GET"]}}],"collection":[{"href":"https:\/\/cflca.com.br\/2022\/wp-json\/wp\/v2\/pages"}],"about":[{"href":"https:\/\/cflca.com.br\/2022\/wp-json\/wp\/v2\/types\/page"}],"author":[{"embeddable":true,"href":"https:\/\/cflca.com.br\/2022\/wp-json\/wp\/v2\/users\/1"}],"replies":[{"embeddable":true,"href":"https:\/\/cflca.com.br\/2022\/wp-json\/wp\/v2\/comments?post=101"}],"version-history":[{"count":2,"href":"https:\/\/cflca.com.br\/2022\/wp-json\/wp\/v2\/pages\/101\/revisions"}],"predecessor-version":[{"id":260,"href":"https:\/\/cflca.com.br\/2022\/wp-json\/wp\/v2\/pages\/101\/revisions\/260"}],"wp:featuredmedia":[{"embeddable":true,"href":"https:\/\/cflca.com.br\/2022\/wp-json\/wp\/v2\/media\/297"}],"wp:attachment":[{"href":"https:\/\/cflca.com.br\/2022\/wp-json\/wp\/v2\/media?parent=101"}],"curies":[{"name":"wp","href":"https:\/\/api.w.org\/{rel}","templated":true}]}}