{"id":102,"date":"2022-03-29T10:25:17","date_gmt":"2022-03-29T13:25:17","guid":{"rendered":"https:\/\/cflca.com.br\/2022\/?page_id=102"},"modified":"2022-04-23T10:39:23","modified_gmt":"2022-04-23T13:39:23","slug":"blindagem-patrimonial","status":"publish","type":"page","link":"https:\/\/cflca.com.br\/2022\/blindagem-patrimonial\/","title":{"rendered":"Blindagem Patrimonial"},"content":{"rendered":"\n<p>Blindagem Patrimonial<strong> <\/strong><br><strong>\u00c9 uma s\u00e9rie de medidas que visam a prote\u00e7\u00e3o do patrim\u00f4nio de uma pessoa<\/strong>. <strong>Um seguro que isola os bens do empres\u00e1rio da pessoa f\u00edsica<\/strong>. Uma medida de prote\u00e7\u00e3o dos bens dos empres\u00e1rios, s\u00f3cios ou investidores de uma empresa.<\/p>\n\n\n\n<figure class=\"wp-block-embed is-type-video is-provider-vimeo wp-block-embed-vimeo wp-embed-aspect-16-9 wp-has-aspect-ratio\"><div class=\"wp-block-embed__wrapper\">\n<iframe loading=\"lazy\" title=\"Proteja Seu Neg&amp;oacute;cio\" src=\"https:\/\/player.vimeo.com\/video\/270162747?h=0e28a314f0&amp;dnt=1&amp;app_id=122963\" width=\"750\" height=\"422\" frameborder=\"0\" allow=\"autoplay; fullscreen; picture-in-picture\" allowfullscreen><\/iframe>\n<\/div><\/figure>\n","protected":false},"excerpt":{"rendered":"<p>Blindagem Patrimonial \u00c9 uma s\u00e9rie de medidas que visam a prote\u00e7\u00e3o do patrim\u00f4nio de uma pessoa. Um seguro que isola os bens do empres\u00e1rio da pessoa f\u00edsica. Uma medida de prote\u00e7\u00e3o dos bens dos empres\u00e1rios, s\u00f3cios ou investidores de uma empresa.<\/p>\n","protected":false},"author":1,"featured_media":296,"parent":0,"menu_order":0,"comment_status":"closed","ping_status":"closed","template":"","meta":{"footnotes":""},"class_list":["post-102","page","type-page","status-publish","has-post-thumbnail","hentry"],"_links":{"self":[{"href":"https:\/\/cflca.com.br\/2022\/wp-json\/wp\/v2\/pages\/102","targetHints":{"allow":["GET"]}}],"collection":[{"href":"https:\/\/cflca.com.br\/2022\/wp-json\/wp\/v2\/pages"}],"about":[{"href":"https:\/\/cflca.com.br\/2022\/wp-json\/wp\/v2\/types\/page"}],"author":[{"embeddable":true,"href":"https:\/\/cflca.com.br\/2022\/wp-json\/wp\/v2\/users\/1"}],"replies":[{"embeddable":true,"href":"https:\/\/cflca.com.br\/2022\/wp-json\/wp\/v2\/comments?post=102"}],"version-history":[{"count":3,"href":"https:\/\/cflca.com.br\/2022\/wp-json\/wp\/v2\/pages\/102\/revisions"}],"predecessor-version":[{"id":374,"href":"https:\/\/cflca.com.br\/2022\/wp-json\/wp\/v2\/pages\/102\/revisions\/374"}],"wp:featuredmedia":[{"embeddable":true,"href":"https:\/\/cflca.com.br\/2022\/wp-json\/wp\/v2\/media\/296"}],"wp:attachment":[{"href":"https:\/\/cflca.com.br\/2022\/wp-json\/wp\/v2\/media?parent=102"}],"curies":[{"name":"wp","href":"https:\/\/api.w.org\/{rel}","templated":true}]}}