{"id":143,"date":"2022-03-30T15:06:55","date_gmt":"2022-03-30T18:06:55","guid":{"rendered":"https:\/\/cflca.com.br\/2022\/?page_id=143"},"modified":"2022-04-10T10:14:45","modified_gmt":"2022-04-10T13:14:45","slug":"certificado-digital","status":"publish","type":"page","link":"https:\/\/cflca.com.br\/2022\/certificado-digital\/","title":{"rendered":"Certificado Digital"},"content":{"rendered":"\n<p>Certificado Digital<br>Certificado digital \u00e9 o documento eletr\u00f4nico que possibilita a troca, segura, de informa\u00e7\u00f5es entre duas partes, com a garantia da identidade do emissor, da integridade da mensagem e, opcionalmente, de sua confidencialidade.<\/p>\n\n\n\n<p>S\u00e3o exemplos de uso e atividades que podem ser seguradas pro um Certificado Digital:<\/p>\n\n\n\n<p>1. Assinatura e envio documentos e declara\u00e7\u00f5es pela internet;<\/p>\n\n\n\n<p>2. Obrigat\u00f3ria para empresas que emitem nota fiscal eletr\u00f4nica (NF-e);<\/p>\n\n\n\n<p>3. Uso no eSocial para pessoas f\u00edsicas e jur\u00eddicas;<\/p>\n\n\n\n<p>4. Acesso em ambientes virtuais com seguran\u00e7a.<\/p>\n","protected":false},"excerpt":{"rendered":"<p>Certificado DigitalCertificado digital \u00e9 o documento eletr\u00f4nico que possibilita a troca, segura, de informa\u00e7\u00f5es entre duas partes, com a garantia da identidade do emissor, da integridade da mensagem e, opcionalmente, de sua confidencialidade. S\u00e3o exemplos de uso e atividades que podem ser seguradas pro um Certificado Digital: 1. Assinatura e [&hellip;]<\/p>\n","protected":false},"author":1,"featured_media":289,"parent":0,"menu_order":0,"comment_status":"closed","ping_status":"closed","template":"","meta":{"footnotes":""},"class_list":["post-143","page","type-page","status-publish","has-post-thumbnail","hentry"],"_links":{"self":[{"href":"https:\/\/cflca.com.br\/2022\/wp-json\/wp\/v2\/pages\/143","targetHints":{"allow":["GET"]}}],"collection":[{"href":"https:\/\/cflca.com.br\/2022\/wp-json\/wp\/v2\/pages"}],"about":[{"href":"https:\/\/cflca.com.br\/2022\/wp-json\/wp\/v2\/types\/page"}],"author":[{"embeddable":true,"href":"https:\/\/cflca.com.br\/2022\/wp-json\/wp\/v2\/users\/1"}],"replies":[{"embeddable":true,"href":"https:\/\/cflca.com.br\/2022\/wp-json\/wp\/v2\/comments?post=143"}],"version-history":[{"count":2,"href":"https:\/\/cflca.com.br\/2022\/wp-json\/wp\/v2\/pages\/143\/revisions"}],"predecessor-version":[{"id":242,"href":"https:\/\/cflca.com.br\/2022\/wp-json\/wp\/v2\/pages\/143\/revisions\/242"}],"wp:featuredmedia":[{"embeddable":true,"href":"https:\/\/cflca.com.br\/2022\/wp-json\/wp\/v2\/media\/289"}],"wp:attachment":[{"href":"https:\/\/cflca.com.br\/2022\/wp-json\/wp\/v2\/media?parent=143"}],"curies":[{"name":"wp","href":"https:\/\/api.w.org\/{rel}","templated":true}]}}