{"id":148,"date":"2022-03-30T15:10:14","date_gmt":"2022-03-30T18:10:14","guid":{"rendered":"https:\/\/cflca.com.br\/2022\/?page_id=148"},"modified":"2022-04-10T10:18:36","modified_gmt":"2022-04-10T13:18:36","slug":"divorcio","status":"publish","type":"page","link":"https:\/\/cflca.com.br\/2022\/divorcio\/","title":{"rendered":"Div\u00f3rcio"},"content":{"rendered":"\n<p>Div\u00f3rcio<br>Embora vivendo no exterior, voc\u00ea continua sendo um cidad\u00e3o brasileiro, portador de direitos e deveres e, por isso, deve comunicar certos atos da sua vida civil, no exterior, \u00e0s autoridades brasileiras. O div\u00f3rcio \u00e9 um desses eventos que devem ser comunicado. Voc\u00ea pode contar com a CFL para requerer o registro e\/ou a homologa\u00e7\u00e3o da sua senten\u00e7a estrangeira de div\u00f3rcio no Brasil.<\/p>\n","protected":false},"excerpt":{"rendered":"<p>Div\u00f3rcioEmbora vivendo no exterior, voc\u00ea continua sendo um cidad\u00e3o brasileiro, portador de direitos e deveres e, por isso, deve comunicar certos atos da sua vida civil, no exterior, \u00e0s autoridades brasileiras. O div\u00f3rcio \u00e9 um desses eventos que devem ser comunicado. Voc\u00ea pode contar com a CFL para requerer o [&hellip;]<\/p>\n","protected":false},"author":1,"featured_media":292,"parent":0,"menu_order":0,"comment_status":"closed","ping_status":"closed","template":"","meta":{"footnotes":""},"class_list":["post-148","page","type-page","status-publish","has-post-thumbnail","hentry"],"_links":{"self":[{"href":"https:\/\/cflca.com.br\/2022\/wp-json\/wp\/v2\/pages\/148","targetHints":{"allow":["GET"]}}],"collection":[{"href":"https:\/\/cflca.com.br\/2022\/wp-json\/wp\/v2\/pages"}],"about":[{"href":"https:\/\/cflca.com.br\/2022\/wp-json\/wp\/v2\/types\/page"}],"author":[{"embeddable":true,"href":"https:\/\/cflca.com.br\/2022\/wp-json\/wp\/v2\/users\/1"}],"replies":[{"embeddable":true,"href":"https:\/\/cflca.com.br\/2022\/wp-json\/wp\/v2\/comments?post=148"}],"version-history":[{"count":2,"href":"https:\/\/cflca.com.br\/2022\/wp-json\/wp\/v2\/pages\/148\/revisions"}],"predecessor-version":[{"id":249,"href":"https:\/\/cflca.com.br\/2022\/wp-json\/wp\/v2\/pages\/148\/revisions\/249"}],"wp:featuredmedia":[{"embeddable":true,"href":"https:\/\/cflca.com.br\/2022\/wp-json\/wp\/v2\/media\/292"}],"wp:attachment":[{"href":"https:\/\/cflca.com.br\/2022\/wp-json\/wp\/v2\/media?parent=148"}],"curies":[{"name":"wp","href":"https:\/\/api.w.org\/{rel}","templated":true}]}}