{"id":149,"date":"2022-03-30T15:10:14","date_gmt":"2022-03-30T18:10:14","guid":{"rendered":"https:\/\/cflca.com.br\/2022\/?page_id=149"},"modified":"2022-04-10T10:20:04","modified_gmt":"2022-04-10T13:20:04","slug":"inventario","status":"publish","type":"page","link":"https:\/\/cflca.com.br\/2022\/inventario\/","title":{"rendered":"Invent\u00e1rio"},"content":{"rendered":"\n<p>Invent\u00e1rio<br>O invent\u00e1rio nada mais \u00e9 do que um documento que formaliza a transfer\u00eancia da heran\u00e7a de uma pessoa. Ou seja, \u00e9 o saldo de todo o patrim\u00f4nio que algu\u00e9m reuniu em vida para seus herdeiros.<\/p>\n","protected":false},"excerpt":{"rendered":"<p>Invent\u00e1rioO invent\u00e1rio nada mais \u00e9 do que um documento que formaliza a transfer\u00eancia da heran\u00e7a de uma pessoa. Ou seja, \u00e9 o saldo de todo o patrim\u00f4nio que algu\u00e9m reuniu em vida para seus herdeiros.<\/p>\n","protected":false},"author":1,"featured_media":293,"parent":0,"menu_order":0,"comment_status":"closed","ping_status":"closed","template":"","meta":{"footnotes":""},"class_list":["post-149","page","type-page","status-publish","has-post-thumbnail","hentry"],"_links":{"self":[{"href":"https:\/\/cflca.com.br\/2022\/wp-json\/wp\/v2\/pages\/149","targetHints":{"allow":["GET"]}}],"collection":[{"href":"https:\/\/cflca.com.br\/2022\/wp-json\/wp\/v2\/pages"}],"about":[{"href":"https:\/\/cflca.com.br\/2022\/wp-json\/wp\/v2\/types\/page"}],"author":[{"embeddable":true,"href":"https:\/\/cflca.com.br\/2022\/wp-json\/wp\/v2\/users\/1"}],"replies":[{"embeddable":true,"href":"https:\/\/cflca.com.br\/2022\/wp-json\/wp\/v2\/comments?post=149"}],"version-history":[{"count":2,"href":"https:\/\/cflca.com.br\/2022\/wp-json\/wp\/v2\/pages\/149\/revisions"}],"predecessor-version":[{"id":252,"href":"https:\/\/cflca.com.br\/2022\/wp-json\/wp\/v2\/pages\/149\/revisions\/252"}],"wp:featuredmedia":[{"embeddable":true,"href":"https:\/\/cflca.com.br\/2022\/wp-json\/wp\/v2\/media\/293"}],"wp:attachment":[{"href":"https:\/\/cflca.com.br\/2022\/wp-json\/wp\/v2\/media?parent=149"}],"curies":[{"name":"wp","href":"https:\/\/api.w.org\/{rel}","templated":true}]}}