{"id":76,"date":"2022-03-29T10:11:28","date_gmt":"2022-03-29T13:11:28","guid":{"rendered":"https:\/\/cflca.com.br\/2022\/?page_id=76"},"modified":"2022-04-10T10:03:56","modified_gmt":"2022-04-10T13:03:56","slug":"historico-de-contribuicao","status":"publish","type":"page","link":"https:\/\/cflca.com.br\/2022\/historico-de-contribuicao\/","title":{"rendered":"Hist\u00f3rico de Contribui\u00e7\u00e3o"},"content":{"rendered":"\n<p>Busca detalhada de todo o tempo de trabalho\/contribui\u00e7\u00e3o, possibilitando a elabora\u00e7\u00e3o de um parecer jur\u00eddico, individual e personalizado de acordo com a realidade de cada cliente.<\/p>\n","protected":false},"excerpt":{"rendered":"<p>Busca detalhada de todo o tempo de trabalho\/contribui\u00e7\u00e3o, possibilitando a elabora\u00e7\u00e3o de um parecer jur\u00eddico, individual e personalizado de acordo com a realidade de cada cliente.<\/p>\n","protected":false},"author":1,"featured_media":282,"parent":0,"menu_order":0,"comment_status":"closed","ping_status":"closed","template":"","meta":{"footnotes":""},"class_list":["post-76","page","type-page","status-publish","has-post-thumbnail","hentry"],"_links":{"self":[{"href":"https:\/\/cflca.com.br\/2022\/wp-json\/wp\/v2\/pages\/76","targetHints":{"allow":["GET"]}}],"collection":[{"href":"https:\/\/cflca.com.br\/2022\/wp-json\/wp\/v2\/pages"}],"about":[{"href":"https:\/\/cflca.com.br\/2022\/wp-json\/wp\/v2\/types\/page"}],"author":[{"embeddable":true,"href":"https:\/\/cflca.com.br\/2022\/wp-json\/wp\/v2\/users\/1"}],"replies":[{"embeddable":true,"href":"https:\/\/cflca.com.br\/2022\/wp-json\/wp\/v2\/comments?post=76"}],"version-history":[{"count":3,"href":"https:\/\/cflca.com.br\/2022\/wp-json\/wp\/v2\/pages\/76\/revisions"}],"predecessor-version":[{"id":224,"href":"https:\/\/cflca.com.br\/2022\/wp-json\/wp\/v2\/pages\/76\/revisions\/224"}],"wp:featuredmedia":[{"embeddable":true,"href":"https:\/\/cflca.com.br\/2022\/wp-json\/wp\/v2\/media\/282"}],"wp:attachment":[{"href":"https:\/\/cflca.com.br\/2022\/wp-json\/wp\/v2\/media?parent=76"}],"curies":[{"name":"wp","href":"https:\/\/api.w.org\/{rel}","templated":true}]}}