{"id":80,"date":"2022-03-29T10:11:29","date_gmt":"2022-03-29T13:11:29","guid":{"rendered":"https:\/\/cflca.com.br\/2022\/?page_id=80"},"modified":"2022-04-23T10:37:42","modified_gmt":"2022-04-23T13:37:42","slug":"beneficios-e-aposentadoria","status":"publish","type":"page","link":"https:\/\/cflca.com.br\/2022\/beneficios-e-aposentadoria\/","title":{"rendered":"Benef\u00edcios e Aposentadoria"},"content":{"rendered":"\n<p>Requerimento e Acompanhamento de Benef\u00edcios e Aposentadoria<br>a CFL conta com um time especializado no requerimento e acompanhamento do seu benef\u00edcio, garantindo agilidade, profissionalismo e conhecimento de todos os tramites burocr\u00e1ticos existentes.<\/p>\n\n\n\n<figure class=\"wp-block-embed is-type-video is-provider-vimeo wp-block-embed-vimeo wp-embed-aspect-16-9 wp-has-aspect-ratio\"><div class=\"wp-block-embed__wrapper\">\n<iframe loading=\"lazy\" title=\"Benef&amp;iacute;cios em Vida\" src=\"https:\/\/player.vimeo.com\/video\/375733638?h=5c4c329d28&amp;dnt=1&amp;app_id=122963\" width=\"750\" height=\"422\" frameborder=\"0\" allow=\"autoplay; fullscreen; picture-in-picture\" allowfullscreen><\/iframe>\n<\/div><\/figure>\n","protected":false},"excerpt":{"rendered":"<p>Requerimento e Acompanhamento de Benef\u00edcios e Aposentadoriaa CFL conta com um time especializado no requerimento e acompanhamento do seu benef\u00edcio, garantindo agilidade, profissionalismo e conhecimento de todos os tramites burocr\u00e1ticos existentes.<\/p>\n","protected":false},"author":1,"featured_media":284,"parent":0,"menu_order":0,"comment_status":"closed","ping_status":"closed","template":"","meta":{"footnotes":""},"class_list":["post-80","page","type-page","status-publish","has-post-thumbnail","hentry"],"_links":{"self":[{"href":"https:\/\/cflca.com.br\/2022\/wp-json\/wp\/v2\/pages\/80","targetHints":{"allow":["GET"]}}],"collection":[{"href":"https:\/\/cflca.com.br\/2022\/wp-json\/wp\/v2\/pages"}],"about":[{"href":"https:\/\/cflca.com.br\/2022\/wp-json\/wp\/v2\/types\/page"}],"author":[{"embeddable":true,"href":"https:\/\/cflca.com.br\/2022\/wp-json\/wp\/v2\/users\/1"}],"replies":[{"embeddable":true,"href":"https:\/\/cflca.com.br\/2022\/wp-json\/wp\/v2\/comments?post=80"}],"version-history":[{"count":3,"href":"https:\/\/cflca.com.br\/2022\/wp-json\/wp\/v2\/pages\/80\/revisions"}],"predecessor-version":[{"id":372,"href":"https:\/\/cflca.com.br\/2022\/wp-json\/wp\/v2\/pages\/80\/revisions\/372"}],"wp:featuredmedia":[{"embeddable":true,"href":"https:\/\/cflca.com.br\/2022\/wp-json\/wp\/v2\/media\/284"}],"wp:attachment":[{"href":"https:\/\/cflca.com.br\/2022\/wp-json\/wp\/v2\/media?parent=80"}],"curies":[{"name":"wp","href":"https:\/\/api.w.org\/{rel}","templated":true}]}}