{"id":81,"date":"2022-03-29T10:11:29","date_gmt":"2022-03-29T13:11:29","guid":{"rendered":"https:\/\/cflca.com.br\/2022\/?page_id=81"},"modified":"2022-04-10T10:12:23","modified_gmt":"2022-04-10T13:12:23","slug":"prova-de-vida","status":"publish","type":"page","link":"https:\/\/cflca.com.br\/2022\/prova-de-vida\/","title":{"rendered":"Prova de Vida"},"content":{"rendered":"\n<p>Prova de Vida<br>Uma vez por ano todo aposentado\/pensionista precisa apresentar uma declara\u00e7\u00e3o para que os benef\u00edcios continuem sendo pagos, a CFL te ajudar com isto tamb\u00e9m.<\/p>\n","protected":false},"excerpt":{"rendered":"<p>Prova de VidaUma vez por ano todo aposentado\/pensionista precisa apresentar uma declara\u00e7\u00e3o para que os benef\u00edcios continuem sendo pagos, a CFL te ajudar com isto tamb\u00e9m.<\/p>\n","protected":false},"author":1,"featured_media":287,"parent":0,"menu_order":0,"comment_status":"closed","ping_status":"closed","template":"","meta":{"footnotes":""},"class_list":["post-81","page","type-page","status-publish","has-post-thumbnail","hentry"],"_links":{"self":[{"href":"https:\/\/cflca.com.br\/2022\/wp-json\/wp\/v2\/pages\/81","targetHints":{"allow":["GET"]}}],"collection":[{"href":"https:\/\/cflca.com.br\/2022\/wp-json\/wp\/v2\/pages"}],"about":[{"href":"https:\/\/cflca.com.br\/2022\/wp-json\/wp\/v2\/types\/page"}],"author":[{"embeddable":true,"href":"https:\/\/cflca.com.br\/2022\/wp-json\/wp\/v2\/users\/1"}],"replies":[{"embeddable":true,"href":"https:\/\/cflca.com.br\/2022\/wp-json\/wp\/v2\/comments?post=81"}],"version-history":[{"count":2,"href":"https:\/\/cflca.com.br\/2022\/wp-json\/wp\/v2\/pages\/81\/revisions"}],"predecessor-version":[{"id":235,"href":"https:\/\/cflca.com.br\/2022\/wp-json\/wp\/v2\/pages\/81\/revisions\/235"}],"wp:featuredmedia":[{"embeddable":true,"href":"https:\/\/cflca.com.br\/2022\/wp-json\/wp\/v2\/media\/287"}],"wp:attachment":[{"href":"https:\/\/cflca.com.br\/2022\/wp-json\/wp\/v2\/media?parent=81"}],"curies":[{"name":"wp","href":"https:\/\/api.w.org\/{rel}","templated":true}]}}