{"id":92,"date":"2022-03-29T10:25:17","date_gmt":"2022-03-29T13:25:17","guid":{"rendered":"https:\/\/cflca.com.br\/2022\/?page_id=92"},"modified":"2022-04-10T10:15:54","modified_gmt":"2022-04-10T13:15:54","slug":"regularizacao-do-titulo-eleitora-e-cpf","status":"publish","type":"page","link":"https:\/\/cflca.com.br\/2022\/regularizacao-do-titulo-eleitora-e-cpf\/","title":{"rendered":"Regulariza\u00e7\u00e3o do T\u00edtulo Eleitora e CPF"},"content":{"rendered":"\n<p>Regulariza\u00e7\u00e3o do T\u00edtulo Eleitora e CPF<br>A regulariza\u00e7\u00e3o da situa\u00e7\u00e3o eleitoral \u00e9 de suma import\u00e2ncia, uma vez que, 98% das suspens\u00f5es de CPF, Cadastro de Pessoas F\u00edsicas, de brasileiros que residem no exterior, ocorrem por pend\u00eancias eleitorais.<\/p>\n\n\n\n<ol class=\"wp-block-list\"><li>A suspens\u00e3o do CPF acaba por gerar os seguintes inconvenientes na vida do cidad\u00e3o:<\/li><li>Bloqueio de contas em institui\u00e7\u00f5es financeiras, com consequente bloqueio de dinheiro, cart\u00f5es, a\u00e7\u00f5es em bolsa de valores e outros ativos;<\/li><li>Impossibilidade de renovar passaporte, CNH;<\/li><li>Veda\u00e7\u00e3o na participa\u00e7\u00e3o em transa\u00e7\u00f5es de compra e venda registro de im\u00f3veis;<\/li><li>Proibi\u00e7\u00e3o de abertura de contas em institui\u00e7\u00f5es financeiras: banco, corretoras de a\u00e7\u00f5es e outras;<\/li><li>Impossibilidade de requerimento de benef\u00edcio ou inscri\u00e7\u00e3o como contribuinte junto \u00e0 previd\u00eancia Social, INSS;<\/li><li>Lan\u00e7amento de restri\u00e7\u00f5es no CPF junto aos servi\u00e7os de prote\u00e7\u00e3o ao cr\u00e9dito SPC\/SERASA e outros;<\/li><li>A n\u00e3o possiblidade de realizar declara\u00e7\u00e3o de imposto de renda no Brasil;<\/li><\/ol>\n","protected":false},"excerpt":{"rendered":"<p>Regulariza\u00e7\u00e3o do T\u00edtulo Eleitora e CPFA regulariza\u00e7\u00e3o da situa\u00e7\u00e3o eleitoral \u00e9 de suma import\u00e2ncia, uma vez que, 98% das suspens\u00f5es de CPF, Cadastro de Pessoas F\u00edsicas, de brasileiros que residem no exterior, ocorrem por pend\u00eancias eleitorais. A suspens\u00e3o do CPF acaba por gerar os seguintes inconvenientes na vida do cidad\u00e3o: [&hellip;]<\/p>\n","protected":false},"author":1,"featured_media":290,"parent":0,"menu_order":0,"comment_status":"closed","ping_status":"closed","template":"","meta":{"footnotes":""},"class_list":["post-92","page","type-page","status-publish","has-post-thumbnail","hentry"],"_links":{"self":[{"href":"https:\/\/cflca.com.br\/2022\/wp-json\/wp\/v2\/pages\/92","targetHints":{"allow":["GET"]}}],"collection":[{"href":"https:\/\/cflca.com.br\/2022\/wp-json\/wp\/v2\/pages"}],"about":[{"href":"https:\/\/cflca.com.br\/2022\/wp-json\/wp\/v2\/types\/page"}],"author":[{"embeddable":true,"href":"https:\/\/cflca.com.br\/2022\/wp-json\/wp\/v2\/users\/1"}],"replies":[{"embeddable":true,"href":"https:\/\/cflca.com.br\/2022\/wp-json\/wp\/v2\/comments?post=92"}],"version-history":[{"count":2,"href":"https:\/\/cflca.com.br\/2022\/wp-json\/wp\/v2\/pages\/92\/revisions"}],"predecessor-version":[{"id":244,"href":"https:\/\/cflca.com.br\/2022\/wp-json\/wp\/v2\/pages\/92\/revisions\/244"}],"wp:featuredmedia":[{"embeddable":true,"href":"https:\/\/cflca.com.br\/2022\/wp-json\/wp\/v2\/media\/290"}],"wp:attachment":[{"href":"https:\/\/cflca.com.br\/2022\/wp-json\/wp\/v2\/media?parent=92"}],"curies":[{"name":"wp","href":"https:\/\/api.w.org\/{rel}","templated":true}]}}