{"id":94,"date":"2022-03-29T10:25:17","date_gmt":"2022-03-29T13:25:17","guid":{"rendered":"https:\/\/cflca.com.br\/2022\/?page_id=94"},"modified":"2022-04-13T16:44:55","modified_gmt":"2022-04-13T19:44:55","slug":"abertura-de-contas-bancarias","status":"publish","type":"page","link":"https:\/\/cflca.com.br\/2022\/abertura-de-contas-bancarias\/","title":{"rendered":"Abertura de Contas Banc\u00e1rias"},"content":{"rendered":"\n<p>Abertura de Contas Banc\u00e1rias<br>Quantas hist\u00f3rias ouvimos, desde a abertura da CFL nos Estados Unidos, de clientes que dependiam de parentes\/amigos para cuidar de suas atividades financeiras no brasil, ou a dificuldade de ir at\u00e9 o consulado para providenciar procura\u00e7\u00e3o, sem contar nos incont\u00e1veis casos de valores extraviados por terceiros. Assim, decididos apresentar uma solu\u00e7\u00e3o para essa necessidade. Hoje, a CFL garante aos nossos clientes acesso total, irrestrito e \u00fanico \u00e0 sua conta banc\u00e1ria no Brasil.<\/p>\n","protected":false},"excerpt":{"rendered":"<p>Abertura de Contas Banc\u00e1riasQuantas hist\u00f3rias ouvimos, desde a abertura da CFL nos Estados Unidos, de clientes que dependiam de parentes\/amigos para cuidar de suas atividades financeiras no brasil, ou a dificuldade de ir at\u00e9 o consulado para providenciar procura\u00e7\u00e3o, sem contar nos incont\u00e1veis casos de valores extraviados por terceiros. Assim, [&hellip;]<\/p>\n","protected":false},"author":1,"featured_media":280,"parent":0,"menu_order":0,"comment_status":"closed","ping_status":"closed","template":"","meta":{"footnotes":""},"class_list":["post-94","page","type-page","status-publish","has-post-thumbnail","hentry"],"_links":{"self":[{"href":"https:\/\/cflca.com.br\/2022\/wp-json\/wp\/v2\/pages\/94","targetHints":{"allow":["GET"]}}],"collection":[{"href":"https:\/\/cflca.com.br\/2022\/wp-json\/wp\/v2\/pages"}],"about":[{"href":"https:\/\/cflca.com.br\/2022\/wp-json\/wp\/v2\/types\/page"}],"author":[{"embeddable":true,"href":"https:\/\/cflca.com.br\/2022\/wp-json\/wp\/v2\/users\/1"}],"replies":[{"embeddable":true,"href":"https:\/\/cflca.com.br\/2022\/wp-json\/wp\/v2\/comments?post=94"}],"version-history":[{"count":2,"href":"https:\/\/cflca.com.br\/2022\/wp-json\/wp\/v2\/pages\/94\/revisions"}],"predecessor-version":[{"id":239,"href":"https:\/\/cflca.com.br\/2022\/wp-json\/wp\/v2\/pages\/94\/revisions\/239"}],"wp:featuredmedia":[{"embeddable":true,"href":"https:\/\/cflca.com.br\/2022\/wp-json\/wp\/v2\/media\/280"}],"wp:attachment":[{"href":"https:\/\/cflca.com.br\/2022\/wp-json\/wp\/v2\/media?parent=94"}],"curies":[{"name":"wp","href":"https:\/\/api.w.org\/{rel}","templated":true}]}}