{"id":96,"date":"2022-03-29T10:25:17","date_gmt":"2022-03-29T13:25:17","guid":{"rendered":"https:\/\/cflca.com.br\/2022\/?page_id=96"},"modified":"2022-04-10T10:17:20","modified_gmt":"2022-04-10T13:17:20","slug":"suspensao-e-devolucao-de-valores","status":"publish","type":"page","link":"https:\/\/cflca.com.br\/2022\/suspensao-e-devolucao-de-valores\/","title":{"rendered":"Suspens\u00e3o e Devolu\u00e7\u00e3o de Valores"},"content":{"rendered":"\n<p>Suspens\u00e3o e Devolu\u00e7\u00e3o de Valores Indevidos<\/p>\n\n\n\n<p>J\u00e1 s\u00e3o centenas de clientes que receberam isen\u00e7\u00e3o ou devolu\u00e7\u00e3o dos valores descontados &#8211; 25%IR &#8211; aposentados e pensionistas quem residentes no exterior. Isso s\u00f3 \u00e9 poss\u00edvel gra\u00e7as \u00e0 equipe especializada da CFL Consultoria.<\/p>\n","protected":false},"excerpt":{"rendered":"<p>Suspens\u00e3o e Devolu\u00e7\u00e3o de Valores Indevidos J\u00e1 s\u00e3o centenas de clientes que receberam isen\u00e7\u00e3o ou devolu\u00e7\u00e3o dos valores descontados &#8211; 25%IR &#8211; aposentados e pensionistas quem residentes no exterior. Isso s\u00f3 \u00e9 poss\u00edvel gra\u00e7as \u00e0 equipe especializada da CFL Consultoria.<\/p>\n","protected":false},"author":1,"featured_media":291,"parent":0,"menu_order":0,"comment_status":"closed","ping_status":"closed","template":"","meta":{"footnotes":""},"class_list":["post-96","page","type-page","status-publish","has-post-thumbnail","hentry"],"_links":{"self":[{"href":"https:\/\/cflca.com.br\/2022\/wp-json\/wp\/v2\/pages\/96","targetHints":{"allow":["GET"]}}],"collection":[{"href":"https:\/\/cflca.com.br\/2022\/wp-json\/wp\/v2\/pages"}],"about":[{"href":"https:\/\/cflca.com.br\/2022\/wp-json\/wp\/v2\/types\/page"}],"author":[{"embeddable":true,"href":"https:\/\/cflca.com.br\/2022\/wp-json\/wp\/v2\/users\/1"}],"replies":[{"embeddable":true,"href":"https:\/\/cflca.com.br\/2022\/wp-json\/wp\/v2\/comments?post=96"}],"version-history":[{"count":2,"href":"https:\/\/cflca.com.br\/2022\/wp-json\/wp\/v2\/pages\/96\/revisions"}],"predecessor-version":[{"id":247,"href":"https:\/\/cflca.com.br\/2022\/wp-json\/wp\/v2\/pages\/96\/revisions\/247"}],"wp:featuredmedia":[{"embeddable":true,"href":"https:\/\/cflca.com.br\/2022\/wp-json\/wp\/v2\/media\/291"}],"wp:attachment":[{"href":"https:\/\/cflca.com.br\/2022\/wp-json\/wp\/v2\/media?parent=96"}],"curies":[{"name":"wp","href":"https:\/\/api.w.org\/{rel}","templated":true}]}}