{"id":98,"date":"2022-03-29T10:25:17","date_gmt":"2022-03-29T13:25:17","guid":{"rendered":"https:\/\/cflca.com.br\/2022\/?page_id=98"},"modified":"2022-04-10T10:30:01","modified_gmt":"2022-04-10T13:30:01","slug":"seguro-em-vida","status":"publish","type":"page","link":"https:\/\/cflca.com.br\/2022\/seguro-em-vida\/","title":{"rendered":"Seguro em Vida"},"content":{"rendered":"\n<p>Seguro em Vida<br>\u00c9 a evolu\u00e7\u00e3o para atender novas necessidades. <strong>Esse seguro funciona n\u00e3o somente como algo que voc\u00ea deixa para a sua fam\u00edlia, mas tamb\u00e9m permite que voc\u00ea receba benef\u00edcios no caso de uma doen\u00e7a cr\u00edtica, cr\u00f4nica ou terminal.<\/strong> Com os Benef\u00edcios em Vida, o assegurado tem a op\u00e7\u00e3o de receber adiantado uma parte do seu benef\u00edcio para ajudar com todas as despesas. N\u00e3o somente as despesas m\u00e9dicas, mas todas as despesas do dia a dia.<\/p>\n","protected":false},"excerpt":{"rendered":"<p>Seguro em Vida\u00c9 a evolu\u00e7\u00e3o para atender novas necessidades. Esse seguro funciona n\u00e3o somente como algo que voc\u00ea deixa para a sua fam\u00edlia, mas tamb\u00e9m permite que voc\u00ea receba benef\u00edcios no caso de uma doen\u00e7a cr\u00edtica, cr\u00f4nica ou terminal. Com os Benef\u00edcios em Vida, o assegurado tem a op\u00e7\u00e3o de [&hellip;]<\/p>\n","protected":false},"author":1,"featured_media":300,"parent":0,"menu_order":0,"comment_status":"closed","ping_status":"closed","template":"","meta":{"footnotes":""},"class_list":["post-98","page","type-page","status-publish","has-post-thumbnail","hentry"],"_links":{"self":[{"href":"https:\/\/cflca.com.br\/2022\/wp-json\/wp\/v2\/pages\/98","targetHints":{"allow":["GET"]}}],"collection":[{"href":"https:\/\/cflca.com.br\/2022\/wp-json\/wp\/v2\/pages"}],"about":[{"href":"https:\/\/cflca.com.br\/2022\/wp-json\/wp\/v2\/types\/page"}],"author":[{"embeddable":true,"href":"https:\/\/cflca.com.br\/2022\/wp-json\/wp\/v2\/users\/1"}],"replies":[{"embeddable":true,"href":"https:\/\/cflca.com.br\/2022\/wp-json\/wp\/v2\/comments?post=98"}],"version-history":[{"count":2,"href":"https:\/\/cflca.com.br\/2022\/wp-json\/wp\/v2\/pages\/98\/revisions"}],"predecessor-version":[{"id":262,"href":"https:\/\/cflca.com.br\/2022\/wp-json\/wp\/v2\/pages\/98\/revisions\/262"}],"wp:featuredmedia":[{"embeddable":true,"href":"https:\/\/cflca.com.br\/2022\/wp-json\/wp\/v2\/media\/300"}],"wp:attachment":[{"href":"https:\/\/cflca.com.br\/2022\/wp-json\/wp\/v2\/media?parent=98"}],"curies":[{"name":"wp","href":"https:\/\/api.w.org\/{rel}","templated":true}]}}